{"id":3,"date":"2021-04-22T14:45:45","date_gmt":"2021-04-22T14:45:45","guid":{"rendered":"http:\/\/www.varioida.fi\/?page_id=3"},"modified":"2021-10-30T07:13:47","modified_gmt":"2021-10-30T07:13:47","slug":"privacy-policy","status":"publish","type":"page","link":"https:\/\/www.varioida.fi\/index.php\/privacy-policy\/","title":{"rendered":"Tietosuojaseloste"},"content":{"rendered":"\t\t<div data-elementor-type=\"wp-page\" data-elementor-id=\"3\" class=\"elementor elementor-3\">\n\t\t\t\t\t\t\t\t\t<section class=\"elementor-section elementor-top-section elementor-element elementor-element-6bfefb15 elementor-section-boxed elementor-section-height-default elementor-section-height-default\" data-id=\"6bfefb15\" data-element_type=\"section\">\n\t\t\t\t\t\t<div class=\"elementor-container elementor-column-gap-default\">\n\t\t\t\t\t<div class=\"elementor-column elementor-col-100 elementor-top-column elementor-element elementor-element-51d7c5b\" data-id=\"51d7c5b\" data-element_type=\"column\">\n\t\t\t<div class=\"elementor-widget-wrap elementor-element-populated\">\n\t\t\t\t\t\t\t\t<div class=\"elementor-element elementor-element-bb9084a elementor-widget elementor-widget-spacer\" data-id=\"bb9084a\" data-element_type=\"widget\" data-widget_type=\"spacer.default\">\n\t\t\t\t<div class=\"elementor-widget-container\">\n\t\t\t\t\t<div class=\"elementor-spacer\">\n\t\t\t<div class=\"elementor-spacer-inner\"><\/div>\n\t\t<\/div>\n\t\t\t\t<\/div>\n\t\t\t\t<\/div>\n\t\t\t\t<div class=\"elementor-element elementor-element-5e35c9d elementor-widget elementor-widget-text-editor\" data-id=\"5e35c9d\" data-element_type=\"widget\" data-widget_type=\"text-editor.default\">\n\t\t\t\t<div class=\"elementor-widget-container\">\n\t\t\t\t\t\t\t<!-- wp:heading {\"level\":3} -->\n<h3>Tietosuojaseloste 30.10.2021<\/h3>\n<!-- \/wp:heading -->\n\n<!-- wp:paragraph -->\n<p><strong>Rekisterinpit\u00e4j\u00e4:<\/strong><br>Varioida Mirka Kiukkonen<br>Ukonniementie 18 40250 Jyv\u00e4skyl\u00e4<br>info@varioida.fi <\/p>\n<!-- \/wp:paragraph -->\n\n<!-- wp:paragraph -->\n<p>Ker\u00e4\u00e4n henkil\u00f6tietoja asiakassuhteen hoitamista varten. Henkil\u00f6tietojen k\u00e4sittelyn perusteena on oikeutettu etu ja lakis\u00e4\u00e4teiset velvoitteet. Ker\u00e4\u00e4n tietoja my\u00f6s markkinointia varten. Henkil\u00f6tietojen k\u00e4sittelyn oikeusperusteena on suostumus. En tee k\u00e4ytt\u00e4ji\u00e4 koskevia profilointeja ja automaattisia p\u00e4\u00e4t\u00f6ksi\u00e4.<\/p>\n<!-- \/wp:paragraph -->\n\n<!-- wp:paragraph -->\n<p><strong> Henkil\u00f6tietojasi vastaanottavat:<\/strong><br>\u2013 yrityksemme, siis min\u00e4 itse<br>\u2013 sin\u00e4 itse, jos keskustelemme esim. s\u00e4hk\u00f6postitse <\/p>\n<!-- \/wp:paragraph -->\n\n<!-- wp:paragraph -->\n<p><strong>S\u00e4ilyt\u00e4mme henkil\u00f6tietojasi:<\/strong><br>\u2013 s\u00e4hk\u00f6postiarkistossa seitsem\u00e4n vuoden ajan<br>\u2013 kirjanpitoaineistossa seitsem\u00e4n vuoden ajan. <\/p>\n<!-- \/wp:paragraph -->\n\n<!-- wp:paragraph -->\n<p><strong>Sinulla on seuraavat oikeudet:<\/strong><br>\u2013 oikeus tarkastaa itse\u00e4si koskevat henkil\u00f6tiedot<br>\u2013 oikeus tietojen oikaisemiseen<br>\u2013 oikeus k\u00e4sittelyn rajoittamiseen (voit esimerkiksi kielt\u00e4\u00e4 markkinoinnin)<br>\u2013 oikeus vastustaa k\u00e4sittely\u00e4<br>\u2013 oikeus peruuttaa suostumus (voit esimerkiksi peruuttaa suostumuksesi markkinointiin)<br>\u2013 oikeus tehd\u00e4 valitus valvontaviranomaiselle <\/p>\n<!-- \/wp:paragraph -->\n\n<!-- wp:paragraph -->\n<p>Huomioithan, ett\u00e4 sinulla on \u201doikeus tulla unohdetuksi\u201d vain, jos meill\u00e4 ei ole lakis\u00e4\u00e4teisi\u00e4 velvoitteita jatkaa henkil\u00f6tietojesi k\u00e4sittely\u00e4.<\/p>\n<!-- \/wp:paragraph -->\t\t\t\t\t\t<\/div>\n\t\t\t\t<\/div>\n\t\t\t\t<div class=\"elementor-element elementor-element-c103014 elementor-widget elementor-widget-spacer\" data-id=\"c103014\" data-element_type=\"widget\" data-widget_type=\"spacer.default\">\n\t\t\t\t<div class=\"elementor-widget-container\">\n\t\t\t\t\t<div class=\"elementor-spacer\">\n\t\t\t<div class=\"elementor-spacer-inner\"><\/div>\n\t\t<\/div>\n\t\t\t\t<\/div>\n\t\t\t\t<\/div>\n\t\t\t\t\t<\/div>\n\t\t<\/div>\n\t\t\t\t\t\t\t<\/div>\n\t\t<\/section>\n\t\t\t\t\t\t\t<\/div>\n\t\t","protected":false},"excerpt":{"rendered":"<p>Tietosuojaseloste 30.10.2021 Rekisterinpit\u00e4j\u00e4:Varioida Mirka KiukkonenUkonniementie 18 40250 Jyv\u00e4skyl\u00e4info@varioida.fi Ker\u00e4\u00e4n henkil\u00f6tietoja asiakassuhteen hoitamista varten. Henkil\u00f6tietojen k\u00e4sittelyn perusteena on oikeutettu etu ja lakis\u00e4\u00e4teiset velvoitteet. Ker\u00e4\u00e4n tietoja my\u00f6s markkinointia varten. Henkil\u00f6tietojen k\u00e4sittelyn oikeusperusteena on suostumus. En tee k\u00e4ytt\u00e4ji\u00e4 koskevia profilointeja ja automaattisia p\u00e4\u00e4t\u00f6ksi\u00e4. Henkil\u00f6tietojasi vastaanottavat:\u2013 yrityksemme, siis min\u00e4 itse\u2013 sin\u00e4 itse, jos keskustelemme esim. s\u00e4hk\u00f6postitse S\u00e4ilyt\u00e4mme henkil\u00f6tietojasi:\u2013 s\u00e4hk\u00f6postiarkistossa [&hellip;]<\/p>\n","protected":false},"author":1,"featured_media":0,"parent":0,"menu_order":0,"comment_status":"closed","ping_status":"open","template":"","meta":{"footnotes":""},"_links":{"self":[{"href":"https:\/\/www.varioida.fi\/index.php\/wp-json\/wp\/v2\/pages\/3"}],"collection":[{"href":"https:\/\/www.varioida.fi\/index.php\/wp-json\/wp\/v2\/pages"}],"about":[{"href":"https:\/\/www.varioida.fi\/index.php\/wp-json\/wp\/v2\/types\/page"}],"author":[{"embeddable":true,"href":"https:\/\/www.varioida.fi\/index.php\/wp-json\/wp\/v2\/users\/1"}],"replies":[{"embeddable":true,"href":"https:\/\/www.varioida.fi\/index.php\/wp-json\/wp\/v2\/comments?post=3"}],"version-history":[{"count":4,"href":"https:\/\/www.varioida.fi\/index.php\/wp-json\/wp\/v2\/pages\/3\/revisions"}],"predecessor-version":[{"id":525,"href":"https:\/\/www.varioida.fi\/index.php\/wp-json\/wp\/v2\/pages\/3\/revisions\/525"}],"wp:attachment":[{"href":"https:\/\/www.varioida.fi\/index.php\/wp-json\/wp\/v2\/media?parent=3"}],"curies":[{"name":"wp","href":"https:\/\/api.w.org\/{rel}","templated":true}]}}